{"id":9136,"date":"2024-02-12T09:37:22","date_gmt":"2024-02-12T08:37:22","guid":{"rendered":"https:\/\/mopedtours.dk\/nachricht\/"},"modified":"2024-04-15T22:41:18","modified_gmt":"2024-04-15T20:41:18","slug":"nachricht","status":"publish","type":"page","link":"https:\/\/mopedtours.dk\/de\/nachricht\/","title":{"rendered":"Nachricht"},"content":{"rendered":"\t\t<div data-elementor-type=\"wp-page\" data-elementor-id=\"9136\" class=\"elementor elementor-9136 elementor-8442\" data-elementor-post-type=\"page\">\n\t\t\t\t<div class=\"elementor-element elementor-element-7dca7f8 e-con-full no-padding e-flex e-con e-parent\" data-id=\"7dca7f8\" data-element_type=\"container\">\n\t\t\t\t<div class=\"elementor-element elementor-element-25a4af5 elementor-widget elementor-widget-shortcode\" data-id=\"25a4af5\" data-element_type=\"widget\" data-widget_type=\"shortcode.default\">\n\t\t\t\t<div class=\"elementor-widget-container\">\n\t\t\t\t\t<div class=\"elementor-shortcode\">\t\t<div data-elementor-type=\"container\" data-elementor-id=\"6542\" class=\"elementor elementor-6542\" data-elementor-post-type=\"elementor_library\">\n\t\t\t\t<div class=\"elementor-element elementor-element-171414b white e-flex e-con-boxed e-con e-parent\" data-id=\"171414b\" data-element_type=\"container\" data-settings=\"{&quot;background_background&quot;:&quot;classic&quot;}\">\n\t\t\t\t\t<div class=\"e-con-inner\">\n\t\t\t\t<div class=\"elementor-element elementor-element-b4ec0ef elementor-widget elementor-widget-text-editor\" data-id=\"b4ec0ef\" data-element_type=\"widget\" data-widget_type=\"text-editor.default\">\n\t\t\t\t<div class=\"elementor-widget-container\">\n\t\t\t<style>\/*! elementor - v3.23.0 - 05-08-2024 *\/\n.elementor-widget-text-editor.elementor-drop-cap-view-stacked .elementor-drop-cap{background-color:#69727d;color:#fff}.elementor-widget-text-editor.elementor-drop-cap-view-framed .elementor-drop-cap{color:#69727d;border:3px solid;background-color:transparent}.elementor-widget-text-editor:not(.elementor-drop-cap-view-default) .elementor-drop-cap{margin-top:8px}.elementor-widget-text-editor:not(.elementor-drop-cap-view-default) .elementor-drop-cap-letter{width:1em;height:1em}.elementor-widget-text-editor .elementor-drop-cap{float:left;text-align:center;line-height:1;font-size:50px}.elementor-widget-text-editor .elementor-drop-cap-letter{display:inline-block}<\/style>\t\t\t\tLesen Sie hier alle unsere Neuigkeiten.\t\t\t\t\t\t<\/div>\n\t\t\t\t<\/div>\n\t\t\t\t<div class=\"elementor-element elementor-element-0b6aa8c elementor-icon-list--layout-inline elementor-align-center elementor-list-item-link-full_width elementor-widget elementor-widget-icon-list\" data-id=\"0b6aa8c\" data-element_type=\"widget\" data-widget_type=\"icon-list.default\">\n\t\t\t\t<div class=\"elementor-widget-container\">\n\t\t\t<link rel=\"stylesheet\" href=\"https:\/\/mopedtours.dk\/wp-content\/uploads\/elementor\/css\/custom-widget-icon-list.min.css?ver=1773659883\">\t\t<ul class=\"elementor-icon-list-items elementor-inline-items\">\n\t\t\t\t\t\t\t<li class=\"elementor-icon-list-item elementor-inline-item\">\n\t\t\t\t\t\t\t\t\t\t\t<a href=\"tel:25721997\">\n\n\t\t\t\t\t\t\t\t\t\t\t<span class=\"elementor-icon-list-text\">(+45) 25 72 19 97<\/span>\n\t\t\t\t\t\t\t\t\t\t\t<\/a>\n\t\t\t\t\t\t\t\t\t<\/li>\n\t\t\t\t\t\t\t\t<li class=\"elementor-icon-list-item elementor-inline-item\">\n\t\t\t\t\t\t\t\t\t\t\t<a href=\"mailto:kontakt@mopedtours.dk\">\n\n\t\t\t\t\t\t\t\t\t\t\t<span class=\"elementor-icon-list-text\">kontakt@mopedtours.dk<\/span>\n\t\t\t\t\t\t\t\t\t\t\t<\/a>\n\t\t\t\t\t\t\t\t\t<\/li>\n\t\t\t\t\t\t<\/ul>\n\t\t\t\t<\/div>\n\t\t\t\t<\/div>\n\t\t\t\t\t<\/div>\n\t\t\t\t<\/div>\n\t\t\t\t<\/div>\n\t\t<\/div>\n\t\t\t\t<\/div>\n\t\t\t\t<\/div>\n\t\t\t\t<\/div>\n\t\t<div class=\"elementor-element elementor-element-5c6854d nyheder e-flex e-con-boxed e-con e-parent\" data-id=\"5c6854d\" data-element_type=\"container\">\n\t\t\t\t\t<div class=\"e-con-inner\">\n\t\t\t\t<div class=\"elementor-element elementor-element-7db803e elementor-posts--thumbnail-none elementor-grid-3 elementor-grid-tablet-2 elementor-grid-mobile-1 elementor-posts__hover-gradient elementor-widget elementor-widget-posts\" data-id=\"7db803e\" data-element_type=\"widget\" data-settings=\"{&quot;cards_row_gap&quot;:{&quot;unit&quot;:&quot;px&quot;,&quot;size&quot;:20,&quot;sizes&quot;:[]},&quot;cards_columns&quot;:&quot;3&quot;,&quot;cards_columns_tablet&quot;:&quot;2&quot;,&quot;cards_columns_mobile&quot;:&quot;1&quot;,&quot;cards_row_gap_laptop&quot;:{&quot;unit&quot;:&quot;px&quot;,&quot;size&quot;:&quot;&quot;,&quot;sizes&quot;:[]},&quot;cards_row_gap_tablet&quot;:{&quot;unit&quot;:&quot;px&quot;,&quot;size&quot;:&quot;&quot;,&quot;sizes&quot;:[]},&quot;cards_row_gap_mobile&quot;:{&quot;unit&quot;:&quot;px&quot;,&quot;size&quot;:&quot;&quot;,&quot;sizes&quot;:[]}}\" data-widget_type=\"posts.cards\">\n\t\t\t\t<div class=\"elementor-widget-container\">\n\t\t\t<link rel=\"stylesheet\" href=\"https:\/\/mopedtours.dk\/wp-content\/plugins\/elementor-pro\/assets\/css\/widget-posts.min.css?ver=1726813708\">\t\t<div class=\"elementor-posts-container elementor-posts elementor-posts--skin-cards elementor-grid\">\n\t\t\t\t<article class=\"elementor-post elementor-grid-item post-10903 post type-post status-publish format-standard has-post-thumbnail hentry category-unkategorisiert\">\n\t\t\t<div class=\"elementor-post__card\">\n\t\t\t\t<div class=\"elementor-post__text\">\n\t\t\t\t<h3 class=\"elementor-post__title\">\n\t\t\t<a href=\"https:\/\/mopedtours.dk\/de\/loerdag-d-1-januar\/\" >\n\t\t\t\tMittwoch d. 1 Januar\t\t\t<\/a>\n\t\t<\/h3>\n\t\t\t\t<div class=\"elementor-post__excerpt\">\n\t\t\t<p>Mopedtours w\u00fcnscht allen neuen und alten Kunden ein frohes neues Jahr. Ich habe ein paar Mopeds verkauft und einige neue in den Stall geholt. Unter anderem habe ich eine Yamaha ohne Schaltung gekauft, die in einem sehr guten Zustand ist und nur 900 km gefahren wurde. Ich freue mich schon sehr darauf, sie auszufahren. Ich<\/p>\n\t\t<\/div>\n\t\t\t\t\t<div class=\"elementor-post__read-more-wrapper\">\n\t\t\n\t\t<a class=\"elementor-post__read-more\" href=\"https:\/\/mopedtours.dk\/de\/loerdag-d-1-januar\/\" aria-label=\"Mehr \u00fcber Mittwoch d. 1 Januar\" tabindex=\"-1\" >\n\t\t\tMehr lesen\t\t<\/a>\n\n\t\t\t\t\t<\/div>\n\t\t\t\t<\/div>\n\t\t\t\t\t<\/div>\n\t\t<\/article>\n\t\t\t\t<article class=\"elementor-post elementor-grid-item post-10886 post type-post status-publish format-standard has-post-thumbnail hentry category-unkategorisiert tag-aktiviteten tag-aktiviteten-in-die-naehe tag-ebeltoft-de tag-erleben tag-familietur-de tag-firmaevents-de tag-mopedtours-de tag-nationalpark-mols-bjerge-de tag-outdoor-event-de\">\n\t\t\t<div class=\"elementor-post__card\">\n\t\t\t\t<div class=\"elementor-post__text\">\n\t\t\t\t<h3 class=\"elementor-post__title\">\n\t\t\t<a href=\"https:\/\/mopedtours.dk\/de\/erleben-sie-mit-mopedtours\/\" >\n\t\t\t\tSamstag d. 30 November\t\t\t<\/a>\n\t\t<\/h3>\n\t\t\t\t<div class=\"elementor-post__excerpt\">\n\t\t\t<p>Ab jetzt ist es m\u00f6glich, im Jahr 2025 mit Mopedtours zu fahren. Der Kalender und die Buchungsseite sind aktualisiert. Wir starten am Gr\u00fcndonnerstag zu Ostern, das ist der 17. April. Nach Ostern fahren wir nur an den Wochenenden bis zum 8. Juni, aber ab dem 14. Juni fahren wir jeden Tag bis Sonntag, den 14.<\/p>\n\t\t<\/div>\n\t\t\t\t\t<div class=\"elementor-post__read-more-wrapper\">\n\t\t\n\t\t<a class=\"elementor-post__read-more\" href=\"https:\/\/mopedtours.dk\/de\/erleben-sie-mit-mopedtours\/\" aria-label=\"Mehr \u00fcber Samstag d. 30 November\" tabindex=\"-1\" >\n\t\t\tMehr lesen\t\t<\/a>\n\n\t\t\t\t\t<\/div>\n\t\t\t\t<\/div>\n\t\t\t\t\t<\/div>\n\t\t<\/article>\n\t\t\t\t<article class=\"elementor-post elementor-grid-item post-10867 post type-post status-publish format-standard has-post-thumbnail hentry category-unkategorisiert\">\n\t\t\t<div class=\"elementor-post__card\">\n\t\t\t\t<div class=\"elementor-post__text\">\n\t\t\t\t<h3 class=\"elementor-post__title\">\n\t\t\t<a href=\"https:\/\/mopedtours.dk\/de\/dienstag-d-12-november-2\/\" >\n\t\t\t\tDienstag d. 12 November\t\t\t<\/a>\n\t\t<\/h3>\n\t\t\t\t<div class=\"elementor-post__excerpt\">\n\t\t\t<p>Mopedtours arbeitet daran, den Kalender fertigzustellen, damit Touren f\u00fcr 2025 gebucht werden k\u00f6nnen. Der Kalender wird voraussichtlich sp\u00e4testens am 1. Dezember fertig sein.<\/p>\n\t\t<\/div>\n\t\t\t\t\t<div class=\"elementor-post__read-more-wrapper\">\n\t\t\n\t\t<a class=\"elementor-post__read-more\" href=\"https:\/\/mopedtours.dk\/de\/dienstag-d-12-november-2\/\" aria-label=\"Mehr \u00fcber Dienstag d. 12 November\" tabindex=\"-1\" >\n\t\t\tMehr lesen\t\t<\/a>\n\n\t\t\t\t\t<\/div>\n\t\t\t\t<\/div>\n\t\t\t\t\t<\/div>\n\t\t<\/article>\n\t\t\t\t<article class=\"elementor-post elementor-grid-item post-10858 post type-post status-publish format-standard has-post-thumbnail hentry category-unkategorisiert\">\n\t\t\t<div class=\"elementor-post__card\">\n\t\t\t\t<div class=\"elementor-post__text\">\n\t\t\t\t<h3 class=\"elementor-post__title\">\n\t\t\t<a href=\"https:\/\/mopedtours.dk\/de\/dienstag-d-12-november\/\" >\n\t\t\t\tDienstag d. 12 november\t\t\t<\/a>\n\t\t<\/h3>\n\t\t\t\t<div class=\"elementor-post__excerpt\">\n\t\t\t<p>Das Jahr und die Saison 2024 sind nun vorbei f\u00fcr Mopedtours. Es war ein Jahr mit vielen guten, positiven und l\u00e4chelnden Kunden. An alle Teilnehmer im Jahr 2024 m\u00f6chte ich ein gro\u00dfes Dankesch\u00f6n aussprechen.<\/p>\n\t\t<\/div>\n\t\t\t\t\t<div class=\"elementor-post__read-more-wrapper\">\n\t\t\n\t\t<a class=\"elementor-post__read-more\" href=\"https:\/\/mopedtours.dk\/de\/dienstag-d-12-november\/\" aria-label=\"Mehr \u00fcber Dienstag d. 12 november\" tabindex=\"-1\" >\n\t\t\tMehr lesen\t\t<\/a>\n\n\t\t\t\t\t<\/div>\n\t\t\t\t<\/div>\n\t\t\t\t\t<\/div>\n\t\t<\/article>\n\t\t\t\t<article class=\"elementor-post elementor-grid-item post-9414 post type-post status-publish format-standard has-post-thumbnail hentry category-unkategorisiert tag-aktiviteter-i-mols-bjerge-de tag-ebeltoft-de tag-familietur-de tag-guidede-ture-de tag-mols-bjerge-de tag-mopedtours-de tag-nationalpark-mols-bjerge-de tag-natur-oplevelser-de tag-yamaha-fs1-de\">\n\t\t\t<div class=\"elementor-post__card\">\n\t\t\t\t<div class=\"elementor-post__text\">\n\t\t\t\t<h3 class=\"elementor-post__title\">\n\t\t\t<a href=\"https:\/\/mopedtours.dk\/de\/montag-d-15-april\/\" >\n\t\t\t\tMONTAG D. 15 APRIL.\t\t\t<\/a>\n\t\t<\/h3>\n\t\t\t\t<div class=\"elementor-post__excerpt\">\n\t\t\t<p>Dann fahren wir wieder. Mopedtours deb\u00fctierte an diesem Wochenende mit der ersten Tour im Jahr 2024. Die teilnehmenden G\u00e4ste waren voller Begeisterung und bereit f\u00fcr das Abenteuer im Nationalpark Mols Bjerge. Unterwegs besuchten wir nat\u00fcrlich auch das Caf\u00e9 Is P\u00e5 Toppen, das mitten im malerischen Gebiet Mols Bjerge liegt. Sehen Sie sich die Videos vom<\/p>\n\t\t<\/div>\n\t\t\t\t\t<div class=\"elementor-post__read-more-wrapper\">\n\t\t\n\t\t<a class=\"elementor-post__read-more\" href=\"https:\/\/mopedtours.dk\/de\/montag-d-15-april\/\" aria-label=\"Mehr \u00fcber MONTAG D. 15 APRIL.\" tabindex=\"-1\" >\n\t\t\tMehr lesen\t\t<\/a>\n\n\t\t\t\t\t<\/div>\n\t\t\t\t<\/div>\n\t\t\t\t\t<\/div>\n\t\t<\/article>\n\t\t\t\t<article class=\"elementor-post elementor-grid-item post-9221 post type-post status-publish format-standard hentry category-unkategorisiert tag-buggy-touren tag-ebeltoft-de tag-erfahrungen tag-mols-bjerge-de tag-mopedtours-de tag-nationalpark-mols-bjerge-de tag-touristenattraktion tag-yamaha-fs1-de tag-youtube-de\">\n\t\t\t<div class=\"elementor-post__card\">\n\t\t\t\t<div class=\"elementor-post__text\">\n\t\t\t\t<h3 class=\"elementor-post__title\">\n\t\t\t<a href=\"https:\/\/mopedtours.dk\/de\/freitag-22-maerz\/\" >\n\t\t\t\tFreitag, 22. M\u00e4rz.\t\t\t<\/a>\n\t\t<\/h3>\n\t\t\t\t<div class=\"elementor-post__excerpt\">\n\t\t\t<p>Mopedtouren im bundesweiten deutschen Fernsehen. Als ich heute Morgen meine Post checkte, kam eine E-Mail von einem Deutschen, er h\u00e4tte eine Mopedfahrt in Mols Bjerge gebucht, w\u00fcrde die Reise aber gerne stornieren und m\u00f6glichst das Geld zur\u00fcckbekommen. Ich dachte, das w\u00e4re schade, denn ich h\u00e4tte gerne mehr ausl\u00e4ndische Touristen. Ich rief ihn an und sagte,<\/p>\n\t\t<\/div>\n\t\t\t\t\t<div class=\"elementor-post__read-more-wrapper\">\n\t\t\n\t\t<a class=\"elementor-post__read-more\" href=\"https:\/\/mopedtours.dk\/de\/freitag-22-maerz\/\" aria-label=\"Mehr \u00fcber Freitag, 22. M\u00e4rz.\" tabindex=\"-1\" >\n\t\t\tMehr lesen\t\t<\/a>\n\n\t\t\t\t\t<\/div>\n\t\t\t\t<\/div>\n\t\t\t\t\t<\/div>\n\t\t<\/article>\n\t\t\t\t<article class=\"elementor-post elementor-grid-item post-9163 post type-post status-publish format-standard has-post-thumbnail hentry category-unkategorisiert\">\n\t\t\t<div class=\"elementor-post__card\">\n\t\t\t\t<div class=\"elementor-post__text\">\n\t\t\t\t<h3 class=\"elementor-post__title\">\n\t\t\t<a href=\"https:\/\/mopedtours.dk\/de\/sonntag-21-januar-copy\/\" >\n\t\t\t\tSamstag, 16. M\u00e4rz.\t\t\t<\/a>\n\t\t<\/h3>\n\t\t\t\t<div class=\"elementor-post__excerpt\">\n\t\t\t<p>Allen ein frohes neues Jahr, Mopedtours freut sich nicht \u00fcber den Winter, aber zum Gl\u00fcck werden die Tage jetzt heller, der Fr\u00fchling und der Sommer stehen vor der T\u00fcr. Sofern das Wetter es zul\u00e4sst, starten die Mopedtouren zu Ostern am Samstag, den 23. M\u00e4rz. Wo ich sicher bin, dass die Sonne scheint&#8230;&#8230;<\/p>\n\t\t<\/div>\n\t\t\t\t\t<div class=\"elementor-post__read-more-wrapper\">\n\t\t\n\t\t<a class=\"elementor-post__read-more\" href=\"https:\/\/mopedtours.dk\/de\/sonntag-21-januar-copy\/\" aria-label=\"Mehr \u00fcber Samstag, 16. M\u00e4rz.\" tabindex=\"-1\" >\n\t\t\tMehr lesen\t\t<\/a>\n\n\t\t\t\t\t<\/div>\n\t\t\t\t<\/div>\n\t\t\t\t\t<\/div>\n\t\t<\/article>\n\t\t\t\t<article class=\"elementor-post elementor-grid-item post-9162 post type-post status-publish format-standard has-post-thumbnail hentry category-unkategorisiert\">\n\t\t\t<div class=\"elementor-post__card\">\n\t\t\t\t<div class=\"elementor-post__text\">\n\t\t\t\t<h3 class=\"elementor-post__title\">\n\t\t\t<a href=\"https:\/\/mopedtours.dk\/de\/sonntag-21-januar\/\" >\n\t\t\t\tSonntag, 21. Januar\t\t\t<\/a>\n\t\t<\/h3>\n\t\t\t\t<div class=\"elementor-post__excerpt\">\n\t\t\t<p>Allen ein frohes neues Jahr, Mopedtours freut sich nicht \u00fcber den Winter, aber zum Gl\u00fcck werden die Tage jetzt heller, der Fr\u00fchling und der Sommer stehen vor der T\u00fcr. Sofern das Wetter es zul\u00e4sst, starten die Mopedtouren zu Ostern am Samstag, den 23. M\u00e4rz.<\/p>\n\t\t<\/div>\n\t\t\t\t\t<div class=\"elementor-post__read-more-wrapper\">\n\t\t\n\t\t<a class=\"elementor-post__read-more\" href=\"https:\/\/mopedtours.dk\/de\/sonntag-21-januar\/\" aria-label=\"Mehr \u00fcber Sonntag, 21. Januar\" tabindex=\"-1\" >\n\t\t\tMehr lesen\t\t<\/a>\n\n\t\t\t\t\t<\/div>\n\t\t\t\t<\/div>\n\t\t\t\t\t<\/div>\n\t\t<\/article>\n\t\t\t\t<article class=\"elementor-post elementor-grid-item post-9161 post type-post status-publish format-standard has-post-thumbnail hentry category-unkategorisiert\">\n\t\t\t<div class=\"elementor-post__card\">\n\t\t\t\t<div class=\"elementor-post__text\">\n\t\t\t\t<h3 class=\"elementor-post__title\">\n\t\t\t<a href=\"https:\/\/mopedtours.dk\/de\/sonntag-28-januar\/\" >\n\t\t\t\tSonntag, 28. Januar\t\t\t<\/a>\n\t\t<\/h3>\n\t\t\t\t<div class=\"elementor-post__excerpt\">\n\t\t\t<p>Der vielleicht beste Shoemar-Spieler der Welt, Thomas Mangaard, hat sich entschieden, meine neue Firma Mopedtours zu unterst\u00fctzen und so dazu beizutragen, dass wir in D\u00e4nemark bekannter werden. Thomas wird Mopedtours bei allen Skomar-Turnieren repr\u00e4sentieren, indem er das Stoffetikett mit unserem Namen Mopedtours tr\u00e4gt. Vielen Dank an Thomas, \u201eder nicht nur auf dem gr\u00fcnen Tuch, sondern<\/p>\n\t\t<\/div>\n\t\t\t\t\t<div class=\"elementor-post__read-more-wrapper\">\n\t\t\n\t\t<a class=\"elementor-post__read-more\" href=\"https:\/\/mopedtours.dk\/de\/sonntag-28-januar\/\" aria-label=\"Mehr \u00fcber Sonntag, 28. Januar\" tabindex=\"-1\" >\n\t\t\tMehr lesen\t\t<\/a>\n\n\t\t\t\t\t<\/div>\n\t\t\t\t<\/div>\n\t\t\t\t\t<\/div>\n\t\t<\/article>\n\t\t\t\t<\/div>\n\t\t\n\t\t\t\t<\/div>\n\t\t\t\t<\/div>\n\t\t\t\t\t<\/div>\n\t\t\t\t<\/div>\n\t\t<div class=\"elementor-element elementor-element-1dc964e overlay white e-flex e-con-boxed e-con e-parent\" data-id=\"1dc964e\" data-element_type=\"container\" data-settings=\"{&quot;background_background&quot;:&quot;classic&quot;}\">\n\t\t\t\t\t<div class=\"e-con-inner\">\n\t\t\t\t<div class=\"elementor-element elementor-element-f7d0ed6 elementor-widget elementor-widget-text-editor\" data-id=\"f7d0ed6\" data-element_type=\"widget\" data-widget_type=\"text-editor.default\">\n\t\t\t\t<div class=\"elementor-widget-container\">\n\t\t\t\t\t\t\t<h3 style=\"text-align: center;\">Buchen Sie online eine F\u00fchrung<\/h3>\n<p style=\"text-align: center;\">Kommen Sie mit Mopedtours.dk auf eine fantastische Mopedtour. Ein Naturerlebnis, das Sie so schnell nicht vergessen werden. Wir fahren auf ikonischen alten Mopeds aus den 70er Jahren.<\/p>\n\t\t\t\t\t\t<\/div>\n\t\t\t\t<\/div>\n\t\t\t\t<div class=\"elementor-element elementor-element-4ab9c60 elementor-align-center cta elementor-widget elementor-widget-button\" data-id=\"4ab9c60\" data-element_type=\"widget\" data-widget_type=\"button.default\">\n\t\t\t\t<div class=\"elementor-widget-container\">\n\t\t\t\t\t<div class=\"elementor-button-wrapper\">\n\t\t\t<a class=\"elementor-button elementor-button-link elementor-size-xs\" href=\"https:\/\/mopedtours.dk\/de\/buchen-sie-hier\/\">\n\t\t\t\t\t\t<span class=\"elementor-button-content-wrapper\">\n\t\t\t\t\t\t\t\t\t<span class=\"elementor-button-text\">Buchen Sie eine F\u00fchrung<\/span>\n\t\t\t\t\t<\/span>\n\t\t\t\t\t<\/a>\n\t\t<\/div>\n\t\t\t\t<\/div>\n\t\t\t\t<\/div>\n\t\t\t\t\t<\/div>\n\t\t\t\t<\/div>\n\t\t\t\t<\/div>\n\t\t","protected":false},"excerpt":{"rendered":"<p>Lesen Sie hier alle unsere Neuigkeiten.<\/p>\n","protected":false},"author":5,"featured_media":9245,"parent":0,"menu_order":1001,"comment_status":"closed","ping_status":"closed","template":"","meta":{"_acf_changed":false,"footnotes":""},"categories":[81],"class_list":["post-9136","page","type-page","status-publish","has-post-thumbnail","hentry","category-ydelser-de"],"acf":[],"yoast_head":"<!-- This site is optimized with the Yoast SEO plugin v26.3 - https:\/\/yoast.com\/wordpress\/plugins\/seo\/ -->\n<title>Nachricht | Mopedtours<\/title>\n<meta name=\"description\" content=\"Auf dieser Seite k\u00f6nnen Sie \u00fcber die neuesten Nachrichten zu Mopedtours informiert werden, darunter Mopedtouren im Nationalpark Mols Bjerge.\" \/>\n<meta name=\"robots\" content=\"index, follow, max-snippet:-1, max-image-preview:large, max-video-preview:-1\" \/>\n<link rel=\"canonical\" href=\"https:\/\/mopedtours.dk\/de\/nachricht\/\" \/>\n<meta property=\"og:locale\" content=\"de_DE\" \/>\n<meta property=\"og:type\" content=\"article\" \/>\n<meta property=\"og:title\" content=\"Nachricht | Mopedtours\" \/>\n<meta property=\"og:description\" content=\"Auf dieser Seite k\u00f6nnen Sie \u00fcber die neuesten Nachrichten zu Mopedtours informiert werden, darunter Mopedtouren im Nationalpark Mols Bjerge.\" \/>\n<meta property=\"og:url\" content=\"https:\/\/mopedtours.dk\/de\/nachricht\/\" \/>\n<meta property=\"og:site_name\" content=\"Mopedtours\" \/>\n<meta property=\"article:modified_time\" content=\"2024-04-15T20:41:18+00:00\" \/>\n<meta property=\"og:image\" content=\"https:\/\/mopedtours.dk\/wp-content\/uploads\/2024\/04\/IMG_2539-scaled.jpeg\" \/>\n\t<meta property=\"og:image:width\" content=\"2048\" \/>\n\t<meta property=\"og:image:height\" content=\"1536\" \/>\n\t<meta property=\"og:image:type\" content=\"image\/jpeg\" \/>\n<meta name=\"twitter:card\" content=\"summary_large_image\" \/>\n<script type=\"application\/ld+json\" class=\"yoast-schema-graph\">{\"@context\":\"https:\/\/schema.org\",\"@graph\":[{\"@type\":\"WebPage\",\"@id\":\"https:\/\/mopedtours.dk\/de\/nachricht\/\",\"url\":\"https:\/\/mopedtours.dk\/de\/nachricht\/\",\"name\":\"Nachricht | Mopedtours\",\"isPartOf\":{\"@id\":\"https:\/\/mopedtours.webserver1.dk\/#website\"},\"primaryImageOfPage\":{\"@id\":\"https:\/\/mopedtours.dk\/de\/nachricht\/#primaryimage\"},\"image\":{\"@id\":\"https:\/\/mopedtours.dk\/de\/nachricht\/#primaryimage\"},\"thumbnailUrl\":\"https:\/\/mopedtours.dk\/wp-content\/uploads\/2024\/04\/IMG_2539-scaled.jpeg\",\"datePublished\":\"2024-02-12T08:37:22+00:00\",\"dateModified\":\"2024-04-15T20:41:18+00:00\",\"description\":\"Auf dieser Seite k\u00f6nnen Sie \u00fcber die neuesten Nachrichten zu Mopedtours informiert werden, darunter Mopedtouren im Nationalpark Mols Bjerge.\",\"breadcrumb\":{\"@id\":\"https:\/\/mopedtours.dk\/de\/nachricht\/#breadcrumb\"},\"inLanguage\":\"de\",\"potentialAction\":[{\"@type\":\"ReadAction\",\"target\":[\"https:\/\/mopedtours.dk\/de\/nachricht\/\"]}]},{\"@type\":\"ImageObject\",\"inLanguage\":\"de\",\"@id\":\"https:\/\/mopedtours.dk\/de\/nachricht\/#primaryimage\",\"url\":\"https:\/\/mopedtours.dk\/wp-content\/uploads\/2024\/04\/IMG_2539-scaled.jpeg\",\"contentUrl\":\"https:\/\/mopedtours.dk\/wp-content\/uploads\/2024\/04\/IMG_2539-scaled.jpeg\",\"width\":2048,\"height\":1536},{\"@type\":\"BreadcrumbList\",\"@id\":\"https:\/\/mopedtours.dk\/de\/nachricht\/#breadcrumb\",\"itemListElement\":[{\"@type\":\"ListItem\",\"position\":1,\"name\":\"Forside\",\"item\":\"https:\/\/mopedtours.dk\/de\/\"},{\"@type\":\"ListItem\",\"position\":2,\"name\":\"Nachricht\"}]},{\"@type\":\"WebSite\",\"@id\":\"https:\/\/mopedtours.webserver1.dk\/#website\",\"url\":\"https:\/\/mopedtours.webserver1.dk\/\",\"name\":\"Mopedtours\",\"description\":\"Mopedtours tilbyder guided knallertture og Mols bjerg ture\",\"publisher\":{\"@id\":\"https:\/\/mopedtours.webserver1.dk\/#organization\"},\"potentialAction\":[{\"@type\":\"SearchAction\",\"target\":{\"@type\":\"EntryPoint\",\"urlTemplate\":\"https:\/\/mopedtours.webserver1.dk\/?s={search_term_string}\"},\"query-input\":{\"@type\":\"PropertyValueSpecification\",\"valueRequired\":true,\"valueName\":\"search_term_string\"}}],\"inLanguage\":\"de\"},{\"@type\":\"Organization\",\"@id\":\"https:\/\/mopedtours.webserver1.dk\/#organization\",\"name\":\"Mopedtours\",\"url\":\"https:\/\/mopedtours.webserver1.dk\/\",\"logo\":{\"@type\":\"ImageObject\",\"inLanguage\":\"de\",\"@id\":\"https:\/\/mopedtours.webserver1.dk\/#\/schema\/logo\/image\/\",\"url\":\"https:\/\/mopedtours.dk\/wp-content\/uploads\/2024\/02\/logo.svg\",\"contentUrl\":\"https:\/\/mopedtours.dk\/wp-content\/uploads\/2024\/02\/logo.svg\",\"caption\":\"Mopedtours\"},\"image\":{\"@id\":\"https:\/\/mopedtours.webserver1.dk\/#\/schema\/logo\/image\/\"}}]}<\/script>\n<!-- \/ Yoast SEO plugin. -->","yoast_head_json":{"title":"Nachricht | Mopedtours","description":"Auf dieser Seite k\u00f6nnen Sie \u00fcber die neuesten Nachrichten zu Mopedtours informiert werden, darunter Mopedtouren im Nationalpark Mols Bjerge.","robots":{"index":"index","follow":"follow","max-snippet":"max-snippet:-1","max-image-preview":"max-image-preview:large","max-video-preview":"max-video-preview:-1"},"canonical":"https:\/\/mopedtours.dk\/de\/nachricht\/","og_locale":"de_DE","og_type":"article","og_title":"Nachricht | Mopedtours","og_description":"Auf dieser Seite k\u00f6nnen Sie \u00fcber die neuesten Nachrichten zu Mopedtours informiert werden, darunter Mopedtouren im Nationalpark Mols Bjerge.","og_url":"https:\/\/mopedtours.dk\/de\/nachricht\/","og_site_name":"Mopedtours","article_modified_time":"2024-04-15T20:41:18+00:00","og_image":[{"width":2048,"height":1536,"url":"https:\/\/mopedtours.dk\/wp-content\/uploads\/2024\/04\/IMG_2539-scaled.jpeg","type":"image\/jpeg"}],"twitter_card":"summary_large_image","schema":{"@context":"https:\/\/schema.org","@graph":[{"@type":"WebPage","@id":"https:\/\/mopedtours.dk\/de\/nachricht\/","url":"https:\/\/mopedtours.dk\/de\/nachricht\/","name":"Nachricht | Mopedtours","isPartOf":{"@id":"https:\/\/mopedtours.webserver1.dk\/#website"},"primaryImageOfPage":{"@id":"https:\/\/mopedtours.dk\/de\/nachricht\/#primaryimage"},"image":{"@id":"https:\/\/mopedtours.dk\/de\/nachricht\/#primaryimage"},"thumbnailUrl":"https:\/\/mopedtours.dk\/wp-content\/uploads\/2024\/04\/IMG_2539-scaled.jpeg","datePublished":"2024-02-12T08:37:22+00:00","dateModified":"2024-04-15T20:41:18+00:00","description":"Auf dieser Seite k\u00f6nnen Sie \u00fcber die neuesten Nachrichten zu Mopedtours informiert werden, darunter Mopedtouren im Nationalpark Mols Bjerge.","breadcrumb":{"@id":"https:\/\/mopedtours.dk\/de\/nachricht\/#breadcrumb"},"inLanguage":"de","potentialAction":[{"@type":"ReadAction","target":["https:\/\/mopedtours.dk\/de\/nachricht\/"]}]},{"@type":"ImageObject","inLanguage":"de","@id":"https:\/\/mopedtours.dk\/de\/nachricht\/#primaryimage","url":"https:\/\/mopedtours.dk\/wp-content\/uploads\/2024\/04\/IMG_2539-scaled.jpeg","contentUrl":"https:\/\/mopedtours.dk\/wp-content\/uploads\/2024\/04\/IMG_2539-scaled.jpeg","width":2048,"height":1536},{"@type":"BreadcrumbList","@id":"https:\/\/mopedtours.dk\/de\/nachricht\/#breadcrumb","itemListElement":[{"@type":"ListItem","position":1,"name":"Forside","item":"https:\/\/mopedtours.dk\/de\/"},{"@type":"ListItem","position":2,"name":"Nachricht"}]},{"@type":"WebSite","@id":"https:\/\/mopedtours.webserver1.dk\/#website","url":"https:\/\/mopedtours.webserver1.dk\/","name":"Mopedtours","description":"Mopedtours tilbyder guided knallertture og Mols bjerg ture","publisher":{"@id":"https:\/\/mopedtours.webserver1.dk\/#organization"},"potentialAction":[{"@type":"SearchAction","target":{"@type":"EntryPoint","urlTemplate":"https:\/\/mopedtours.webserver1.dk\/?s={search_term_string}"},"query-input":{"@type":"PropertyValueSpecification","valueRequired":true,"valueName":"search_term_string"}}],"inLanguage":"de"},{"@type":"Organization","@id":"https:\/\/mopedtours.webserver1.dk\/#organization","name":"Mopedtours","url":"https:\/\/mopedtours.webserver1.dk\/","logo":{"@type":"ImageObject","inLanguage":"de","@id":"https:\/\/mopedtours.webserver1.dk\/#\/schema\/logo\/image\/","url":"https:\/\/mopedtours.dk\/wp-content\/uploads\/2024\/02\/logo.svg","contentUrl":"https:\/\/mopedtours.dk\/wp-content\/uploads\/2024\/02\/logo.svg","caption":"Mopedtours"},"image":{"@id":"https:\/\/mopedtours.webserver1.dk\/#\/schema\/logo\/image\/"}}]}},"_links":{"self":[{"href":"https:\/\/mopedtours.dk\/de\/wp-json\/wp\/v2\/pages\/9136","targetHints":{"allow":["GET"]}}],"collection":[{"href":"https:\/\/mopedtours.dk\/de\/wp-json\/wp\/v2\/pages"}],"about":[{"href":"https:\/\/mopedtours.dk\/de\/wp-json\/wp\/v2\/types\/page"}],"author":[{"embeddable":true,"href":"https:\/\/mopedtours.dk\/de\/wp-json\/wp\/v2\/users\/5"}],"replies":[{"embeddable":true,"href":"https:\/\/mopedtours.dk\/de\/wp-json\/wp\/v2\/comments?post=9136"}],"version-history":[{"count":3,"href":"https:\/\/mopedtours.dk\/de\/wp-json\/wp\/v2\/pages\/9136\/revisions"}],"predecessor-version":[{"id":9275,"href":"https:\/\/mopedtours.dk\/de\/wp-json\/wp\/v2\/pages\/9136\/revisions\/9275"}],"wp:featuredmedia":[{"embeddable":true,"href":"https:\/\/mopedtours.dk\/de\/wp-json\/wp\/v2\/media\/9245"}],"wp:attachment":[{"href":"https:\/\/mopedtours.dk\/de\/wp-json\/wp\/v2\/media?parent=9136"}],"wp:term":[{"taxonomy":"category","embeddable":true,"href":"https:\/\/mopedtours.dk\/de\/wp-json\/wp\/v2\/categories?post=9136"}],"curies":[{"name":"wp","href":"https:\/\/api.w.org\/{rel}","templated":true}]}}