{"id":9096,"date":"2020-02-12T08:51:30","date_gmt":"2020-02-12T07:51:30","guid":{"rendered":"https:\/\/mopedtours.dk\/forside\/"},"modified":"2024-03-18T09:30:20","modified_gmt":"2024-03-18T08:30:20","slug":"forside","status":"publish","type":"page","link":"https:\/\/mopedtours.dk\/en\/","title":{"rendered":"Frontpage"},"content":{"rendered":"\t\t<div data-elementor-type=\"wp-page\" data-elementor-id=\"9096\" class=\"elementor elementor-9096 elementor-15\" data-elementor-post-type=\"page\">\n\t\t\t\t<div class=\"elementor-element elementor-element-3229af65 white e-flex e-con-boxed elementor-invisible e-con e-parent\" data-id=\"3229af65\" data-element_type=\"container\" data-settings=\"{&quot;background_background&quot;:&quot;video&quot;,&quot;background_video_link&quot;:&quot;https:\\\/\\\/gostmediaserviceprod.blob.core.windows.net\\\/asset-4e2348cd-2091-4349-8f88-b6f518349374\\\/yamahafs1_(mopedtours.dk)_(kunde_1280x720_3400k.mp4&quot;,&quot;shape_divider_bottom&quot;:&quot;wave-brush&quot;,&quot;animation&quot;:&quot;fadeIn&quot;,&quot;animation_delay&quot;:1000,&quot;background_play_on_mobile&quot;:&quot;yes&quot;}\">\n\t\t\t\t\t<div class=\"e-con-inner\">\n\t\t<div class=\"elementor-background-video-container\">\n\t\t\t\t\t\t\t<video class=\"elementor-background-video-hosted elementor-html5-video\" autoplay muted playsinline loop><\/video>\n\t\t\t\t\t<\/div>\t\t<div class=\"elementor-shape elementor-shape-bottom\" data-negative=\"false\">\n\t\t\t<svg xmlns=\"http:\/\/www.w3.org\/2000\/svg\" viewBox=\"0 0 283.5 27.8\" preserveAspectRatio=\"none\">\n\t<path class=\"elementor-shape-fill\" d=\"M283.5,9.7c0,0-7.3,4.3-14,4.6c-6.8,0.3-12.6,0-20.9-1.5c-11.3-2-33.1-10.1-44.7-5.7\ts-12.1,4.6-18,7.4c-6.6,3.2-20,9.6-36.6,9.3C131.6,23.5,99.5,7.2,86.3,8c-1.4,0.1-6.6,0.8-10.5,2c-3.8,1.2-9.4,3.8-17,4.7\tc-3.2,0.4-8.3,1.1-14.2,0.9c-1.5-0.1-6.3-0.4-12-1.6c-5.7-1.2-11-3.1-15.8-3.7C6.5,9.2,0,10.8,0,10.8V0h283.5V9.7z M260.8,11.3\tc-0.7-1-2-0.4-4.3-0.4c-2.3,0-6.1-1.2-5.8-1.1c0.3,0.1,3.1,1.5,6,1.9C259.7,12.2,261.4,12.3,260.8,11.3z M242.4,8.6\tc0,0-2.4-0.2-5.6-0.9c-3.2-0.8-10.3-2.8-15.1-3.5c-8.2-1.1-15.8,0-15.1,0.1c0.8,0.1,9.6-0.6,17.6,1.1c3.3,0.7,9.3,2.2,12.4,2.7\tC239.9,8.7,242.4,8.6,242.4,8.6z M185.2,8.5c1.7-0.7-13.3,4.7-18.5,6.1c-2.1,0.6-6.2,1.6-10,2c-3.9,0.4-8.9,0.4-8.8,0.5\tc0,0.2,5.8,0.8,11.2,0c5.4-0.8,5.2-1.1,7.6-1.6C170.5,14.7,183.5,9.2,185.2,8.5z M199.1,6.9c0.2,0-0.8-0.4-4.8,1.1\tc-4,1.5-6.7,3.5-6.9,3.7c-0.2,0.1,3.5-1.8,6.6-3C197,7.5,199,6.9,199.1,6.9z M283,6c-0.1,0.1-1.9,1.1-4.8,2.5s-6.9,2.8-6.7,2.7\tc0.2,0,3.5-0.6,7.4-2.5C282.8,6.8,283.1,5.9,283,6z M31.3,11.6c0.1-0.2-1.9-0.2-4.5-1.2s-5.4-1.6-7.8-2C15,7.6,7.3,8.5,7.7,8.6\tC8,8.7,15.9,8.3,20.2,9.3c2.2,0.5,2.4,0.5,5.7,1.6S31.2,11.9,31.3,11.6z M73,9.2c0.4-0.1,3.5-1.6,8.4-2.6c4.9-1.1,8.9-0.5,8.9-0.8\tc0-0.3-1-0.9-6.2-0.3S72.6,9.3,73,9.2z M71.6,6.7C71.8,6.8,75,5.4,77.3,5c2.3-0.3,1.9-0.5,1.9-0.6c0-0.1-1.1-0.2-2.7,0.2\tC74.8,5.1,71.4,6.6,71.6,6.7z M93.6,4.4c0.1,0.2,3.5,0.8,5.6,1.8c2.1,1,1.8,0.6,1.9,0.5c0.1-0.1-0.8-0.8-2.4-1.3\tC97.1,4.8,93.5,4.2,93.6,4.4z M65.4,11.1c-0.1,0.3,0.3,0.5,1.9-0.2s2.6-1.3,2.2-1.2s-0.9,0.4-2.5,0.8C65.3,10.9,65.5,10.8,65.4,11.1\tz M34.5,12.4c-0.2,0,2.1,0.8,3.3,0.9c1.2,0.1,2,0.1,2-0.2c0-0.3-0.1-0.5-1.6-0.4C36.6,12.8,34.7,12.4,34.5,12.4z M152.2,21.1\tc-0.1,0.1-2.4-0.3-7.5-0.3c-5,0-13.6-2.4-17.2-3.5c-3.6-1.1,10,3.9,16.5,4.1C150.5,21.6,152.3,21,152.2,21.1z\"\/>\n\t<path class=\"elementor-shape-fill\" d=\"M269.6,18c-0.1-0.1-4.6,0.3-7.2,0c-7.3-0.7-17-3.2-16.6-2.9c0.4,0.3,13.7,3.1,17,3.3\tC267.7,18.8,269.7,18,269.6,18z\"\/>\n\t<path class=\"elementor-shape-fill\" d=\"M227.4,9.8c-0.2-0.1-4.5-1-9.5-1.2c-5-0.2-12.7,0.6-12.3,0.5c0.3-0.1,5.9-1.8,13.3-1.2\tS227.6,9.9,227.4,9.8z\"\/>\n\t<path class=\"elementor-shape-fill\" d=\"M204.5,13.4c-0.1-0.1,2-1,3.2-1.1c1.2-0.1,2,0,2,0.3c0,0.3-0.1,0.5-1.6,0.4\tC206.4,12.9,204.6,13.5,204.5,13.4z\"\/>\n\t<path class=\"elementor-shape-fill\" d=\"M201,10.6c0-0.1-4.4,1.2-6.3,2.2c-1.9,0.9-6.2,3.1-6.1,3.1c0.1,0.1,4.2-1.6,6.3-2.6\tS201,10.7,201,10.6z\"\/>\n\t<path class=\"elementor-shape-fill\" d=\"M154.5,26.7c-0.1-0.1-4.6,0.3-7.2,0c-7.3-0.7-17-3.2-16.6-2.9c0.4,0.3,13.7,3.1,17,3.3\tC152.6,27.5,154.6,26.8,154.5,26.7z\"\/>\n\t<path class=\"elementor-shape-fill\" d=\"M41.9,19.3c0,0,1.2-0.3,2.9-0.1c1.7,0.2,5.8,0.9,8.2,0.7c4.2-0.4,7.4-2.7,7-2.6\tc-0.4,0-4.3,2.2-8.6,1.9c-1.8-0.1-5.1-0.5-6.7-0.4S41.9,19.3,41.9,19.3z\"\/>\n\t<path class=\"elementor-shape-fill\" d=\"M75.5,12.6c0.2,0.1,2-0.8,4.3-1.1c2.3-0.2,2.1-0.3,2.1-0.5c0-0.1-1.8-0.4-3.4,0\tC76.9,11.5,75.3,12.5,75.5,12.6z\"\/>\n\t<path class=\"elementor-shape-fill\" d=\"M15.6,13.2c0-0.1,4.3,0,6.7,0.5c2.4,0.5,5,1.9,5,2c0,0.1-2.7-0.8-5.1-1.4\tC19.9,13.7,15.7,13.3,15.6,13.2z\"\/>\n<\/svg>\t\t<\/div>\n\t\t\t\t<div class=\"elementor-element elementor-element-1ea7c1b8 elementor-widget__width-inherit elementor-invisible elementor-widget elementor-widget-heading\" data-id=\"1ea7c1b8\" data-element_type=\"widget\" data-settings=\"{&quot;_animation&quot;:&quot;fadeIn&quot;,&quot;_animation_delay&quot;:1400}\" data-widget_type=\"heading.default\">\n\t\t\t\t<div class=\"elementor-widget-container\">\n\t\t\t<style>\/*! elementor - v3.23.0 - 05-08-2024 *\/\n.elementor-heading-title{padding:0;margin:0;line-height:1}.elementor-widget-heading .elementor-heading-title[class*=elementor-size-]>a{color:inherit;font-size:inherit;line-height:inherit}.elementor-widget-heading .elementor-heading-title.elementor-size-small{font-size:15px}.elementor-widget-heading .elementor-heading-title.elementor-size-medium{font-size:19px}.elementor-widget-heading .elementor-heading-title.elementor-size-large{font-size:29px}.elementor-widget-heading .elementor-heading-title.elementor-size-xl{font-size:39px}.elementor-widget-heading .elementor-heading-title.elementor-size-xxl{font-size:59px}<\/style><h3 class=\"elementor-heading-title elementor-size-default\">Mopedtours<\/h3>\t\t<\/div>\n\t\t\t\t<\/div>\n\t\t\t\t<div class=\"elementor-element elementor-element-4494174f elementor-widget__width-inherit elementor-invisible elementor-widget elementor-widget-text-editor\" data-id=\"4494174f\" data-element_type=\"widget\" data-settings=\"{&quot;_animation&quot;:&quot;fadeIn&quot;,&quot;_animation_delay&quot;:1600}\" data-widget_type=\"text-editor.default\">\n\t\t\t\t<div class=\"elementor-widget-container\">\n\t\t\t<style>\/*! elementor - v3.23.0 - 05-08-2024 *\/\n.elementor-widget-text-editor.elementor-drop-cap-view-stacked .elementor-drop-cap{background-color:#69727d;color:#fff}.elementor-widget-text-editor.elementor-drop-cap-view-framed .elementor-drop-cap{color:#69727d;border:3px solid;background-color:transparent}.elementor-widget-text-editor:not(.elementor-drop-cap-view-default) .elementor-drop-cap{margin-top:8px}.elementor-widget-text-editor:not(.elementor-drop-cap-view-default) .elementor-drop-cap-letter{width:1em;height:1em}.elementor-widget-text-editor .elementor-drop-cap{float:left;text-align:center;line-height:1;font-size:50px}.elementor-widget-text-editor .elementor-drop-cap-letter{display:inline-block}<\/style>\t\t\t\t<p style=\"text-align: center;\">Guided Moped Tour<\/p>\n\t\t\t\t\t\t<\/div>\n\t\t\t\t<\/div>\n\t\t\t\t\t<\/div>\n\t\t\t\t<\/div>\n\t\t<div class=\"elementor-element elementor-element-101f801b e-flex e-con-boxed e-con e-parent\" data-id=\"101f801b\" data-element_type=\"container\" data-settings=\"{&quot;background_background&quot;:&quot;classic&quot;}\">\n\t\t\t\t\t<div class=\"e-con-inner\">\n\t\t<div class=\"elementor-element elementor-element-6dc54d1d e-con-full e-flex e-con e-child\" data-id=\"6dc54d1d\" data-element_type=\"container\">\n\t\t\t\t<div class=\"elementor-element elementor-element-2cff4888 elementor-widget__width-initial elementor-widget elementor-widget-text-editor\" data-id=\"2cff4888\" data-element_type=\"widget\" data-widget_type=\"text-editor.default\">\n\t\t\t\t<div class=\"elementor-widget-container\">\n\t\t\t\t\t\t\t<p style=\"text-align: center;\">Mopedtours<\/p>\n<h1 style=\"text-align: center;\">Mopedtours offers guided moped tours in National Park Mols Bjerge<\/h1>\n<h2 style=\"text-align: center;\">Get a unique experience on a moped<\/h2>\n\t\t\t\t\t\t<\/div>\n\t\t\t\t<\/div>\n\t\t\t\t<\/div>\n\t\t\t\t\t<\/div>\n\t\t\t\t<\/div>\n\t\t<div class=\"elementor-element elementor-element-85ec712 light e-flex e-con-boxed e-con e-parent\" data-id=\"85ec712\" data-element_type=\"container\">\n\t\t\t\t\t<div class=\"e-con-inner\">\n\t\t<div class=\"elementor-element elementor-element-36b2ebee e-con-full e-flex e-con e-child\" data-id=\"36b2ebee\" data-element_type=\"container\">\n\t\t\t\t<div class=\"elementor-element elementor-element-30b2c1eb elementor-widget__width-initial elementor-widget elementor-widget-text-editor\" data-id=\"30b2c1eb\" data-element_type=\"widget\" data-widget_type=\"text-editor.default\">\n\t\t\t\t<div class=\"elementor-widget-container\">\n\t\t\t\t\t\t\t<h3 style=\"text-align: center;\">What can we offer?<\/h3>\n<p style=\"text-align: center;\">See more about what we can do for you here.<\/p>\n\t\t\t\t\t\t<\/div>\n\t\t\t\t<\/div>\n\t\t\t\t<\/div>\n\t\t\t\t\t<\/div>\n\t\t\t\t<\/div>\n\t\t<div class=\"elementor-element elementor-element-5b23e3ef overlay white e-flex e-con-boxed e-con e-parent\" data-id=\"5b23e3ef\" data-element_type=\"container\" data-settings=\"{&quot;background_background&quot;:&quot;classic&quot;}\">\n\t\t\t\t\t<div class=\"e-con-inner\">\n\t\t\t\t<div class=\"elementor-element elementor-element-30e050b1 elementor-widget elementor-widget-text-editor\" data-id=\"30e050b1\" data-element_type=\"widget\" data-widget_type=\"text-editor.default\">\n\t\t\t\t<div class=\"elementor-widget-container\">\n\t\t\t\t\t\t\t<h3 style=\"text-align: center;\">Book a guided tour online<\/h3>\n<p style=\"text-align: center;\">Come with Mopedtours.dk on a fantastic moped tour. A nature experience you won&#8217;t soon forget. We ride on iconic old mopeds from the 70s.<\/p>\n\t\t\t\t\t\t<\/div>\n\t\t\t\t<\/div>\n\t\t\t\t<div class=\"elementor-element elementor-element-4d313025 elementor-align-center cta elementor-widget elementor-widget-button\" data-id=\"4d313025\" data-element_type=\"widget\" data-widget_type=\"button.default\">\n\t\t\t\t<div class=\"elementor-widget-container\">\n\t\t\t\t\t<div class=\"elementor-button-wrapper\">\n\t\t\t<a class=\"elementor-button elementor-button-link elementor-size-xs\" href=\"https:\/\/mopedtours.dk\/en\/book\/\">\n\t\t\t\t\t\t<span class=\"elementor-button-content-wrapper\">\n\t\t\t\t\t\t\t\t\t<span class=\"elementor-button-text\">Book a guided tour<\/span>\n\t\t\t\t\t<\/span>\n\t\t\t\t\t<\/a>\n\t\t<\/div>\n\t\t\t\t<\/div>\n\t\t\t\t<\/div>\n\t\t\t\t\t<\/div>\n\t\t\t\t<\/div>\n\t\t\t\t<\/div>\n\t\t","protected":false},"excerpt":{"rendered":"<p>Mopedtours Guided Moped Tour Mopedtours Mopedtours offers guided moped tours in National Park Mols Bjerge Get a unique experience on a moped What can we offer? See more about what we can do for you here. Book a guided tour online Come with Mopedtours.dk on a fantastic moped tour. A nature experience you won&#8217;t soon &#8230; <a title=\"Frontpage\" class=\"read-more\" href=\"https:\/\/mopedtours.dk\/en\/\" aria-label=\"Read more about Frontpage\">Read more<\/a><\/p>\n","protected":false},"author":1,"featured_media":8762,"parent":0,"menu_order":0,"comment_status":"closed","ping_status":"closed","template":"","meta":{"_acf_changed":false,"footnotes":""},"categories":[],"class_list":["post-9096","page","type-page","status-publish","has-post-thumbnail"],"acf":[],"yoast_head":"<!-- This site is optimized with the Yoast SEO plugin v26.3 - https:\/\/yoast.com\/wordpress\/plugins\/seo\/ -->\n<title>Mopedtours offers guided moped tours in National Park Mols Bjerge<\/title>\n<meta name=\"description\" content=\"Explore the beautiful nature of Mols Bjerge on a Yamaha FS1 moped with Mopedtours. Have a beautiful, fun and youthful experience in the national park.\" \/>\n<meta name=\"robots\" content=\"index, follow, max-snippet:-1, max-image-preview:large, max-video-preview:-1\" \/>\n<link rel=\"canonical\" href=\"https:\/\/mopedtours.dk\/en\/\" \/>\n<meta property=\"og:locale\" content=\"en_US\" \/>\n<meta property=\"og:type\" content=\"article\" \/>\n<meta property=\"og:title\" content=\"Mopedtours offers guided moped tours in National Park Mols Bjerge\" \/>\n<meta property=\"og:description\" content=\"Explore the beautiful nature of Mols Bjerge on a Yamaha FS1 moped with Mopedtours. Have a beautiful, fun and youthful experience in the national park.\" \/>\n<meta property=\"og:url\" content=\"https:\/\/mopedtours.dk\/en\/\" \/>\n<meta property=\"og:site_name\" content=\"Mopedtours\" \/>\n<meta property=\"article:modified_time\" content=\"2024-03-18T08:30:20+00:00\" \/>\n<meta property=\"og:image\" content=\"https:\/\/mopedtours.dk\/wp-content\/uploads\/2024\/02\/2AFFF3CA-74BB-4F9E-9BC2-605414E38E75-scaled-1.jpeg\" \/>\n\t<meta property=\"og:image:width\" content=\"2048\" \/>\n\t<meta property=\"og:image:height\" content=\"1536\" \/>\n\t<meta property=\"og:image:type\" content=\"image\/jpeg\" \/>\n<meta name=\"twitter:card\" content=\"summary_large_image\" \/>\n<script type=\"application\/ld+json\" class=\"yoast-schema-graph\">{\"@context\":\"https:\/\/schema.org\",\"@graph\":[{\"@type\":\"WebPage\",\"@id\":\"https:\/\/mopedtours.dk\/en\/\",\"url\":\"https:\/\/mopedtours.dk\/en\/\",\"name\":\"Mopedtours offers guided moped tours in National Park Mols Bjerge\",\"isPartOf\":{\"@id\":\"https:\/\/mopedtours.webserver1.dk\/#website\"},\"primaryImageOfPage\":{\"@id\":\"https:\/\/mopedtours.dk\/en\/#primaryimage\"},\"image\":{\"@id\":\"https:\/\/mopedtours.dk\/en\/#primaryimage\"},\"thumbnailUrl\":\"https:\/\/mopedtours.dk\/wp-content\/uploads\/2024\/02\/2AFFF3CA-74BB-4F9E-9BC2-605414E38E75-scaled-1.jpeg\",\"datePublished\":\"2020-02-12T07:51:30+00:00\",\"dateModified\":\"2024-03-18T08:30:20+00:00\",\"description\":\"Explore the beautiful nature of Mols Bjerge on a Yamaha FS1 moped with Mopedtours. Have a beautiful, fun and youthful experience in the national park.\",\"breadcrumb\":{\"@id\":\"https:\/\/mopedtours.dk\/en\/#breadcrumb\"},\"inLanguage\":\"en-US\",\"potentialAction\":[{\"@type\":\"ReadAction\",\"target\":[\"https:\/\/mopedtours.dk\/en\/\"]}]},{\"@type\":\"ImageObject\",\"inLanguage\":\"en-US\",\"@id\":\"https:\/\/mopedtours.dk\/en\/#primaryimage\",\"url\":\"https:\/\/mopedtours.dk\/wp-content\/uploads\/2024\/02\/2AFFF3CA-74BB-4F9E-9BC2-605414E38E75-scaled-1.jpeg\",\"contentUrl\":\"https:\/\/mopedtours.dk\/wp-content\/uploads\/2024\/02\/2AFFF3CA-74BB-4F9E-9BC2-605414E38E75-scaled-1.jpeg\",\"width\":2048,\"height\":1536,\"caption\":\"En gruppe eventyrlystne m\u00e6nd g\u00f8r klar til at udforske Mols Bjerge p\u00e5 knallert, mens de nyder den smukke natur og sp\u00e6ndingen ved det kommende eventyr.\"},{\"@type\":\"BreadcrumbList\",\"@id\":\"https:\/\/mopedtours.dk\/en\/#breadcrumb\",\"itemListElement\":[{\"@type\":\"ListItem\",\"position\":1,\"name\":\"Forside\",\"item\":\"https:\/\/mopedtours.dk\/en\/forside\/\"},{\"@type\":\"ListItem\",\"position\":2,\"name\":\"Frontpage\"}]},{\"@type\":\"WebSite\",\"@id\":\"https:\/\/mopedtours.webserver1.dk\/#website\",\"url\":\"https:\/\/mopedtours.webserver1.dk\/\",\"name\":\"Mopedtours\",\"description\":\"Mopedtours tilbyder guided knallertture og Mols bjerg ture\",\"publisher\":{\"@id\":\"https:\/\/mopedtours.webserver1.dk\/#organization\"},\"potentialAction\":[{\"@type\":\"SearchAction\",\"target\":{\"@type\":\"EntryPoint\",\"urlTemplate\":\"https:\/\/mopedtours.webserver1.dk\/?s={search_term_string}\"},\"query-input\":{\"@type\":\"PropertyValueSpecification\",\"valueRequired\":true,\"valueName\":\"search_term_string\"}}],\"inLanguage\":\"en-US\"},{\"@type\":\"Organization\",\"@id\":\"https:\/\/mopedtours.webserver1.dk\/#organization\",\"name\":\"Mopedtours\",\"url\":\"https:\/\/mopedtours.webserver1.dk\/\",\"logo\":{\"@type\":\"ImageObject\",\"inLanguage\":\"en-US\",\"@id\":\"https:\/\/mopedtours.webserver1.dk\/#\/schema\/logo\/image\/\",\"url\":\"https:\/\/mopedtours.dk\/wp-content\/uploads\/2024\/02\/logo.svg\",\"contentUrl\":\"https:\/\/mopedtours.dk\/wp-content\/uploads\/2024\/02\/logo.svg\",\"caption\":\"Mopedtours\"},\"image\":{\"@id\":\"https:\/\/mopedtours.webserver1.dk\/#\/schema\/logo\/image\/\"}}]}<\/script>\n<!-- \/ Yoast SEO plugin. -->","yoast_head_json":{"title":"Mopedtours offers guided moped tours in National Park Mols Bjerge","description":"Explore the beautiful nature of Mols Bjerge on a Yamaha FS1 moped with Mopedtours. Have a beautiful, fun and youthful experience in the national park.","robots":{"index":"index","follow":"follow","max-snippet":"max-snippet:-1","max-image-preview":"max-image-preview:large","max-video-preview":"max-video-preview:-1"},"canonical":"https:\/\/mopedtours.dk\/en\/","og_locale":"en_US","og_type":"article","og_title":"Mopedtours offers guided moped tours in National Park Mols Bjerge","og_description":"Explore the beautiful nature of Mols Bjerge on a Yamaha FS1 moped with Mopedtours. Have a beautiful, fun and youthful experience in the national park.","og_url":"https:\/\/mopedtours.dk\/en\/","og_site_name":"Mopedtours","article_modified_time":"2024-03-18T08:30:20+00:00","og_image":[{"width":2048,"height":1536,"url":"https:\/\/mopedtours.dk\/wp-content\/uploads\/2024\/02\/2AFFF3CA-74BB-4F9E-9BC2-605414E38E75-scaled-1.jpeg","type":"image\/jpeg"}],"twitter_card":"summary_large_image","schema":{"@context":"https:\/\/schema.org","@graph":[{"@type":"WebPage","@id":"https:\/\/mopedtours.dk\/en\/","url":"https:\/\/mopedtours.dk\/en\/","name":"Mopedtours offers guided moped tours in National Park Mols Bjerge","isPartOf":{"@id":"https:\/\/mopedtours.webserver1.dk\/#website"},"primaryImageOfPage":{"@id":"https:\/\/mopedtours.dk\/en\/#primaryimage"},"image":{"@id":"https:\/\/mopedtours.dk\/en\/#primaryimage"},"thumbnailUrl":"https:\/\/mopedtours.dk\/wp-content\/uploads\/2024\/02\/2AFFF3CA-74BB-4F9E-9BC2-605414E38E75-scaled-1.jpeg","datePublished":"2020-02-12T07:51:30+00:00","dateModified":"2024-03-18T08:30:20+00:00","description":"Explore the beautiful nature of Mols Bjerge on a Yamaha FS1 moped with Mopedtours. Have a beautiful, fun and youthful experience in the national park.","breadcrumb":{"@id":"https:\/\/mopedtours.dk\/en\/#breadcrumb"},"inLanguage":"en-US","potentialAction":[{"@type":"ReadAction","target":["https:\/\/mopedtours.dk\/en\/"]}]},{"@type":"ImageObject","inLanguage":"en-US","@id":"https:\/\/mopedtours.dk\/en\/#primaryimage","url":"https:\/\/mopedtours.dk\/wp-content\/uploads\/2024\/02\/2AFFF3CA-74BB-4F9E-9BC2-605414E38E75-scaled-1.jpeg","contentUrl":"https:\/\/mopedtours.dk\/wp-content\/uploads\/2024\/02\/2AFFF3CA-74BB-4F9E-9BC2-605414E38E75-scaled-1.jpeg","width":2048,"height":1536,"caption":"En gruppe eventyrlystne m\u00e6nd g\u00f8r klar til at udforske Mols Bjerge p\u00e5 knallert, mens de nyder den smukke natur og sp\u00e6ndingen ved det kommende eventyr."},{"@type":"BreadcrumbList","@id":"https:\/\/mopedtours.dk\/en\/#breadcrumb","itemListElement":[{"@type":"ListItem","position":1,"name":"Forside","item":"https:\/\/mopedtours.dk\/en\/forside\/"},{"@type":"ListItem","position":2,"name":"Frontpage"}]},{"@type":"WebSite","@id":"https:\/\/mopedtours.webserver1.dk\/#website","url":"https:\/\/mopedtours.webserver1.dk\/","name":"Mopedtours","description":"Mopedtours tilbyder guided knallertture og Mols bjerg ture","publisher":{"@id":"https:\/\/mopedtours.webserver1.dk\/#organization"},"potentialAction":[{"@type":"SearchAction","target":{"@type":"EntryPoint","urlTemplate":"https:\/\/mopedtours.webserver1.dk\/?s={search_term_string}"},"query-input":{"@type":"PropertyValueSpecification","valueRequired":true,"valueName":"search_term_string"}}],"inLanguage":"en-US"},{"@type":"Organization","@id":"https:\/\/mopedtours.webserver1.dk\/#organization","name":"Mopedtours","url":"https:\/\/mopedtours.webserver1.dk\/","logo":{"@type":"ImageObject","inLanguage":"en-US","@id":"https:\/\/mopedtours.webserver1.dk\/#\/schema\/logo\/image\/","url":"https:\/\/mopedtours.dk\/wp-content\/uploads\/2024\/02\/logo.svg","contentUrl":"https:\/\/mopedtours.dk\/wp-content\/uploads\/2024\/02\/logo.svg","caption":"Mopedtours"},"image":{"@id":"https:\/\/mopedtours.webserver1.dk\/#\/schema\/logo\/image\/"}}]}},"_links":{"self":[{"href":"https:\/\/mopedtours.dk\/en\/wp-json\/wp\/v2\/pages\/9096","targetHints":{"allow":["GET"]}}],"collection":[{"href":"https:\/\/mopedtours.dk\/en\/wp-json\/wp\/v2\/pages"}],"about":[{"href":"https:\/\/mopedtours.dk\/en\/wp-json\/wp\/v2\/types\/page"}],"author":[{"embeddable":true,"href":"https:\/\/mopedtours.dk\/en\/wp-json\/wp\/v2\/users\/1"}],"replies":[{"embeddable":true,"href":"https:\/\/mopedtours.dk\/en\/wp-json\/wp\/v2\/comments?post=9096"}],"version-history":[{"count":5,"href":"https:\/\/mopedtours.dk\/en\/wp-json\/wp\/v2\/pages\/9096\/revisions"}],"predecessor-version":[{"id":9588,"href":"https:\/\/mopedtours.dk\/en\/wp-json\/wp\/v2\/pages\/9096\/revisions\/9588"}],"wp:featuredmedia":[{"embeddable":true,"href":"https:\/\/mopedtours.dk\/en\/wp-json\/wp\/v2\/media\/8762"}],"wp:attachment":[{"href":"https:\/\/mopedtours.dk\/en\/wp-json\/wp\/v2\/media?parent=9096"}],"wp:term":[{"taxonomy":"category","embeddable":true,"href":"https:\/\/mopedtours.dk\/en\/wp-json\/wp\/v2\/categories?post=9096"}],"curies":[{"name":"wp","href":"https:\/\/api.w.org\/{rel}","templated":true}]}}